{"id":42,"date":"2018-04-30T06:20:03","date_gmt":"2018-04-30T06:20:03","guid":{"rendered":"http:\/\/rarathemesdemo.com\/creative-business\/?page_id=42"},"modified":"2023-04-17T11:56:57","modified_gmt":"2023-04-17T08:56:57","slug":"hakkimizda","status":"publish","type":"page","link":"https:\/\/www.vycturkiye.com\/en\/hakkimizda\/","title":{"rendered":"About Us"},"content":{"rendered":"<p>2010 y\u0131l\u0131 itibari ile end\u00fcstriyel sekt\u00f6rde faaliyetine ba\u015flam\u0131\u015f olan \u015firketimiz ilk y\u0131llar\u0131nda Gestra firmas\u0131 \u00f6zelinde tek T\u00fcrkiye yetkili servisi ve Marmara b\u00f6lgesi sat\u0131\u015f bayisi olarak faaliyet g\u00f6stermi\u015f 2014 y\u0131l\u0131ndan sonra ise t\u00fcm ili\u015fkileri bitmi\u015f ve \u00f6zel servis ve T\u00fcrkiye tedarik\u00e7isi olarak Gestra ve RTK \u00fcr\u00fcnlerin sat\u0131\u015f ve sonras\u0131 teknik destek hizmetlerini vermeye devam etmi\u015ftir.<\/p>\n<p>2014 was a different breakthrough and start for us and we signed a distributorship agreement with the Spanish company VYC Industrial.<\/p>\n<p>T\u00fcm \u00fcr\u00fcn gam\u0131 Gestra ve Spr\u0131ax Sarco ya muadil hatta daha g\u00fcncel teknoloji ile \u00fcretilmekte t\u00fcm mekanik ve elektromekanik \u00fcr\u00fcnlerin ar-ge ve \u00fcretimlerinin ayn\u0131 firma b\u00fcnyesinde yap\u0131lmas\u0131 avantaj\u0131n\u0131 da bizlere sunmaktad\u0131r.<\/p>\n<p>Do\u011fal ve vazge\u00e7ilemez tercih edilme sebebimiz sekt\u00f6rde ki en tecr\u00fcbeli servis ve proje uygulama ekibine sahip olmam\u0131zd\u0131r.<\/p>\n<p>We provide service with our electronic engineers and mechanical engineers in sales and after-sales services.<\/p>\n<p>Ayr\u0131cal\u0131klar\u0131m\u0131zdan bir di\u011feri ise t\u00fcm motorlu ; p\u00fcnematic ;ve mekanik kontrol vana gruplar\u0131nda d\u00fcnyaca bilinen alman firmalar\u0131 ile \u00e7al\u0131\u015fmaktay\u0131z. KFM vana distrib\u00fct\u00f6rl\u00fc\u011f\u00fcn\u00fc ve RTK vana da T\u00fcrkiye tedarik\u00e7isi olarak hizmet veriyor olmam\u0131zd\u0131r.<\/p>\n<p>T\u00fcm iyi dilek ve temennilerimle \u00f6ncelikle bayilerimiz ve sat\u0131\u015f yapt\u0131\u011f\u0131m\u0131z m\u00fc\u015fterilerimizin g\u00fc\u00e7l\u00fc bir \u00e7\u00f6z\u00fcm orta\u011f\u0131 ve partnerleri olarak yanlar\u0131nda oldu\u011fumu ifade eder mutlu huzurlu ve geli\u015fen bir T\u00fcrkiye&#8217;ye katk\u0131da bulunabilmek dile\u011fi ile t\u00fcm end\u00fcstriyel i\u015fletme ailesi ne ve destek\u00e7ilerini \u015f\u00fckranlar\u0131m\u0131 sunuyorum.<\/p>","protected":false},"excerpt":{"rendered":"<p>2010 y\u0131l\u0131 itibari ile end\u00fcstriyel sekt\u00f6rde faaliyetine ba\u015flam\u0131\u015f olan \u015firketimiz ilk y\u0131llar\u0131nda Gestra firmas\u0131 \u00f6zelinde tek T\u00fcrkiye yetkili servisi ve Marmara b\u00f6lgesi sat\u0131\u015f bayisi olarak faaliyet g\u00f6stermi\u015f 2014 y\u0131l\u0131ndan sonra ise t\u00fcm ili\u015fkileri bitmi\u015f ve \u00f6zel servis ve T\u00fcrkiye tedarik\u00e7isi olarak Gestra ve RTK \u00fcr\u00fcnlerin sat\u0131\u015f ve sonras\u0131 teknik destek hizmetlerini vermeye devam etmi\u015ftir.<\/p>\n<p>2014 was a different breakthrough and start for us and we signed a distributorship agreement with the Spanish company VYC Industrial.<\/p>","protected":false},"author":1,"featured_media":528,"parent":0,"menu_order":0,"comment_status":"closed","ping_status":"closed","template":"","meta":{"footnotes":""},"class_list":["post-42","page","type-page","status-publish","has-post-thumbnail","hentry"],"_links":{"self":[{"href":"https:\/\/www.vycturkiye.com\/en\/wp-json\/wp\/v2\/pages\/42","targetHints":{"allow":["GET"]}}],"collection":[{"href":"https:\/\/www.vycturkiye.com\/en\/wp-json\/wp\/v2\/pages"}],"about":[{"href":"https:\/\/www.vycturkiye.com\/en\/wp-json\/wp\/v2\/types\/page"}],"author":[{"embeddable":true,"href":"https:\/\/www.vycturkiye.com\/en\/wp-json\/wp\/v2\/users\/1"}],"replies":[{"embeddable":true,"href":"https:\/\/www.vycturkiye.com\/en\/wp-json\/wp\/v2\/comments?post=42"}],"version-history":[{"count":3,"href":"https:\/\/www.vycturkiye.com\/en\/wp-json\/wp\/v2\/pages\/42\/revisions"}],"predecessor-version":[{"id":452,"href":"https:\/\/www.vycturkiye.com\/en\/wp-json\/wp\/v2\/pages\/42\/revisions\/452"}],"wp:featuredmedia":[{"embeddable":true,"href":"https:\/\/www.vycturkiye.com\/en\/wp-json\/wp\/v2\/media\/528"}],"wp:attachment":[{"href":"https:\/\/www.vycturkiye.com\/en\/wp-json\/wp\/v2\/media?parent=42"}],"curies":[{"name":"wp","href":"https:\/\/api.w.org\/{rel}","templated":true}]}}