{"id":385,"date":"2019-05-16T10:42:17","date_gmt":"2019-05-16T10:42:17","guid":{"rendered":"http:\/\/rarathemesdemo.com\/creative-business\/?page_id=385"},"modified":"2023-04-12T15:21:38","modified_gmt":"2023-04-12T12:21:38","slug":"iletisim","status":"publish","type":"page","link":"https:\/\/www.vycturkiye.com\/en\/iletisim\/","title":{"rendered":"Contact"},"content":{"rendered":"<iframe loading=\"lazy\" src=\"https:\/\/www.google.com\/maps\/embed?pb=!1m23!1m12!1m3!1d6024.1103707574275!2d29.14176022444557!3d40.9802724168119!2m3!1f0!2f0!3f0!3m2!1i1024!2i768!4f13.1!4m8!3e6!4m0!4m5!1s0x14cac5fbe6e3afc9%3A0xc8590fa3d7a3e1e1!2zQXlheiBTay4gTm86MjUsIEthecSxxZ9kYcSfxLEgTWFoYWxsZXNpLCAzNDc1NSBEdWR1bGx1IE9zYi9BdGHFn2VoaXIvxLBzdGFuYnVs!3m2!1d40.980264399999996!2d29.1461376!5e0!3m2!1str!2str!4v1509542119518\" width=\"100%\" height=\"250\" frameborder=\"0\" style=\"border:0\" allowfullscreen><\/iframe>\n\n\n\n<p>Kay\u0131\u015fda\u011f\u0131 Mah. Ayaz Sokak No:25\/4 ATA\u015eEH\u0130R\/\u0130STANBUL<br>+90 (216) 415 3285<br>+90 (543) 664 5393<br>+90 (216) 415 3284 Fax<\/p>\n\n\n\n<p>eim@vycturkiye.com &#8211; info@gestraservis.com &#8211; info@vycturkiye.com<\/p>\n\n\n\n<p><strong>Izmir Regional Representative<\/strong><\/p>\n\n\n\n<p>Tesisat \u0130\u015f Merkezi 1202\/1 Sokak No: 56-B Yeni\u015fehir &#8211; \u0130ZM\u0130R<br>+90 (232) 457 2020<br>+90 (232) 458 6765<\/p>\n\n\n\n<h2 class=\"wp-block-heading\">Contact Form<\/h2>\n\n\n\n<div class=\"wpcf7 no-js\" id=\"wpcf7-f407-o1\" lang=\"tr-TR\" dir=\"ltr\">\n<div class=\"screen-reader-response\"><p role=\"status\" aria-live=\"polite\" aria-atomic=\"true\"><\/p> <ul><\/ul><\/div>\n<form action=\"\/en\/wp-json\/wp\/v2\/pages\/385#wpcf7-f407-o1\" method=\"post\" class=\"wpcf7-form init\" aria-label=\"Contact form\" novalidate=\"novalidate\" data-status=\"init\" data-trp-original-action=\"\/en\/wp-json\/wp\/v2\/pages\/385#wpcf7-f407-o1\">\n<div style=\"display: none;\">\n<input type=\"hidden\" name=\"_wpcf7\" value=\"407\" \/>\n<input type=\"hidden\" name=\"_wpcf7_version\" value=\"5.7.6\" \/>\n<input type=\"hidden\" name=\"_wpcf7_locale\" value=\"tr_TR\" \/>\n<input type=\"hidden\" name=\"_wpcf7_unit_tag\" value=\"wpcf7-f407-o1\" \/>\n<input type=\"hidden\" name=\"_wpcf7_container_post\" value=\"0\" \/>\n<input type=\"hidden\" name=\"_wpcf7_posted_data_hash\" value=\"\" \/>\n<\/div>\n<p><label> Name<br \/>\n<span class=\"wpcf7-form-control-wrap\" data-name=\"your-name\"><input size=\"40\" class=\"wpcf7-form-control wpcf7-text wpcf7-validates-as-required\" autocomplete=\"name\" aria-required=\"true\" aria-invalid=\"false\" value=\"\" type=\"text\" name=\"your-name\" \/><\/span> <\/label>\n<\/p>\n<p><label> Email<br \/>\n<span class=\"wpcf7-form-control-wrap\" data-name=\"your-email\"><input size=\"40\" class=\"wpcf7-form-control wpcf7-text wpcf7-email wpcf7-validates-as-required wpcf7-validates-as-email\" autocomplete=\"email\" aria-required=\"true\" aria-invalid=\"false\" value=\"\" type=\"email\" name=\"your-email\" \/><\/span> <\/label>\n<\/p>\n<p><label> Subject<br \/>\n<span class=\"wpcf7-form-control-wrap\" data-name=\"your-subject\"><input size=\"40\" class=\"wpcf7-form-control wpcf7-text wpcf7-validates-as-required\" aria-required=\"true\" aria-invalid=\"false\" value=\"\" type=\"text\" name=\"your-subject\" \/><\/span> <\/label>\n<\/p>\n<p><label> Your Message (optional)<br \/>\n<span class=\"wpcf7-form-control-wrap\" data-name=\"your-message\"><textarea cols=\"40\" rows=\"10\" class=\"wpcf7-form-control wpcf7-textarea\" aria-invalid=\"false\" name=\"your-message\"><\/textarea><\/span> <\/label>\n<\/p>\n<p><input class=\"wpcf7-form-control has-spinner wpcf7-submit\" type=\"submit\" value=\"Send\" \/>\n<\/p><div class=\"wpcf7-response-output\" aria-hidden=\"true\"><\/div>\n<input type=\"hidden\" name=\"trp-form-language\" value=\"en\"\/><\/form>\n<\/div>","protected":false},"excerpt":{"rendered":"<p>Kay\u0131\u015fda\u011f\u0131 Mah. Ayaz Sokak No:25\/4 ATA\u015eEH\u0130R\/\u0130STANBUL+90 (216) 415 3285+90 (543) 664 5393+90 (216) 415 3284 Fax eim@vycturkiye.com &#8211; info@gestraservis.com &#8211; info@vycturkiye.com \u0130zmir B\u00f6lge Temsilcimiz Tesisat \u0130\u015f Merkezi 1202\/1 Sokak No: 56-B Yeni\u015fehir &#8211; \u0130ZM\u0130R+90 (232) 457 2020+90 (232) 458 6765 \u0130leti\u015fim Formu<\/p>","protected":false},"author":1,"featured_media":0,"parent":0,"menu_order":0,"comment_status":"closed","ping_status":"closed","template":"","meta":{"footnotes":""},"class_list":["post-385","page","type-page","status-publish","hentry"],"_links":{"self":[{"href":"https:\/\/www.vycturkiye.com\/en\/wp-json\/wp\/v2\/pages\/385","targetHints":{"allow":["GET"]}}],"collection":[{"href":"https:\/\/www.vycturkiye.com\/en\/wp-json\/wp\/v2\/pages"}],"about":[{"href":"https:\/\/www.vycturkiye.com\/en\/wp-json\/wp\/v2\/types\/page"}],"author":[{"embeddable":true,"href":"https:\/\/www.vycturkiye.com\/en\/wp-json\/wp\/v2\/users\/1"}],"replies":[{"embeddable":true,"href":"https:\/\/www.vycturkiye.com\/en\/wp-json\/wp\/v2\/comments?post=385"}],"version-history":[{"count":6,"href":"https:\/\/www.vycturkiye.com\/en\/wp-json\/wp\/v2\/pages\/385\/revisions"}],"predecessor-version":[{"id":492,"href":"https:\/\/www.vycturkiye.com\/en\/wp-json\/wp\/v2\/pages\/385\/revisions\/492"}],"wp:attachment":[{"href":"https:\/\/www.vycturkiye.com\/en\/wp-json\/wp\/v2\/media?parent=385"}],"curies":[{"name":"wp","href":"https:\/\/api.w.org\/{rel}","templated":true}]}}