{"id":223,"date":"2018-05-01T10:04:26","date_gmt":"2018-05-01T10:04:26","guid":{"rendered":"http:\/\/rarathemesdemo.com\/creative-business\/?page_id=223"},"modified":"2025-07-08T15:42:43","modified_gmt":"2025-07-08T12:42:43","slug":"urunler","status":"publish","type":"page","link":"https:\/\/www.vycturkiye.com\/en\/urunler\/","title":{"rendered":"Products"},"content":{"rendered":"<p class=\"has-cyan-bluish-gray-background-color has-background\">YEN\u0130 \u0130LETKENL\u0130K SENS\u00d6R\u00dcM\u00dcZ SICAKLIK KOMPANZASYONLU mA \u00c7IKI\u015eLI<\/p>\n\n\n\n<p><\/p>","protected":false},"excerpt":{"rendered":"<p>YEN\u0130 \u0130LETKENL\u0130K SENS\u00d6R\u00dcM\u00dcZ SICAKLIK KOMPANZASYONLU mA \u00c7IKI\u015eLI<\/p>","protected":false},"author":1,"featured_media":0,"parent":0,"menu_order":0,"comment_status":"closed","ping_status":"closed","template":"templates\/portfolio.php","meta":{"footnotes":""},"class_list":["post-223","page","type-page","status-publish","hentry"],"_links":{"self":[{"href":"https:\/\/www.vycturkiye.com\/en\/wp-json\/wp\/v2\/pages\/223","targetHints":{"allow":["GET"]}}],"collection":[{"href":"https:\/\/www.vycturkiye.com\/en\/wp-json\/wp\/v2\/pages"}],"about":[{"href":"https:\/\/www.vycturkiye.com\/en\/wp-json\/wp\/v2\/types\/page"}],"author":[{"embeddable":true,"href":"https:\/\/www.vycturkiye.com\/en\/wp-json\/wp\/v2\/users\/1"}],"replies":[{"embeddable":true,"href":"https:\/\/www.vycturkiye.com\/en\/wp-json\/wp\/v2\/comments?post=223"}],"version-history":[{"count":2,"href":"https:\/\/www.vycturkiye.com\/en\/wp-json\/wp\/v2\/pages\/223\/revisions"}],"predecessor-version":[{"id":674,"href":"https:\/\/www.vycturkiye.com\/en\/wp-json\/wp\/v2\/pages\/223\/revisions\/674"}],"wp:attachment":[{"href":"https:\/\/www.vycturkiye.com\/en\/wp-json\/wp\/v2\/media?parent=223"}],"curies":[{"name":"wp","href":"https:\/\/api.w.org\/{rel}","templated":true}]}}